{"id":513,"date":"2021-01-20T12:52:18","date_gmt":"2021-01-20T10:52:18","guid":{"rendered":"http:\/\/julianvillodre.home.blog\/?page_id=513"},"modified":"2025-12-19T10:13:52","modified_gmt":"2025-12-19T09:13:52","slug":"proyectos","status":"publish","type":"page","link":"https:\/\/julianvillodre.com\/en\/proyectos\/","title":{"rendered":"Research projects"},"content":{"rendered":"<p>I have participated in the following research projects:<\/p>\n\n\n\n<p>Capacidad institucional para la Absorci\u00f3n de Fondos Europeos a nivel local: barreras y facilitadores (CAFELocal)<\/p>\n\n\n\n<p><a href=\"https:\/\/itgespub.net\/ai_publicgov\/\" target=\"_blank\" rel=\"noreferrer noopener\">Abriendo la caja negra de la gobernanza p\u00fablica mediada por algoritmos. Implicaciones de la Inteligencia Artificial en gobiernos, servicios p\u00fablicos y personas (AI_PUBLICGOV)<\/a><\/p>\n\n\n\n<p><a rel=\"noreferrer noopener\" href=\"https:\/\/culturadelalegalidad.net\" target=\"_blank\">Programa Interuniversitario en Cultura de la Legalidad (ON TRUST-CM).<\/a><\/p>\n\n\n\n<p><a rel=\"noreferrer noopener\" href=\"https:\/\/itgespub.net\/smartgov_local\/\" target=\"_blank\">Gobernanza p\u00fablica local a trav\u00e9s de tecnolog\u00edas para la transparencia, participaci\u00f3n e innovaci\u00f3n p\u00fablica. \u00bfHacia una nueva gobernanza inteligente local? (SMARTGOV_LOCAL).<\/a><\/p>\n\n\n\n<p><a rel=\"noreferrer noopener\" href=\"https:\/\/culturadelalegalidad.net\" target=\"_blank\">Cultura de la Legalidad-New TRUST.<\/a><\/p>\n\n\n\n<p><a href=\"http:\/\/www.inovacao.usp.br\/spinsola\/\" target=\"_blank\" rel=\"noreferrer noopener\">Erasmus+ K2 \u201cSOLA\u201d SPIN OFF LEAN ACCELERATION\u201d<\/a><\/p>\n\n\n\n<p><a rel=\"noreferrer noopener\" href=\"https:\/\/itgespub.net\/socialgovnet\/\" target=\"_blank\">Gobernanza Inteligente de las Redes Sociales Digitales en las Administraciones Locales de la Uni\u00f3n Europea. Estrategias de Implementaci\u00f3n, Factores de \u00c9xito y Modelos de Servicio P\u00fablico en Espa\u00f1a, Pa\u00edses Bajos, Reino Unido y Suecia (#SocialGovNet).<\/a><\/p>\n\n\n\n<p><a href=\"https:\/\/itgespub.net\/hergar_discapacidad\/\" target=\"_blank\" rel=\"noreferrer noopener\">Redes Sociales Digitales y Discapacidad. Desaf\u00edos para la Colaboraci\u00f3n y la Gesti\u00f3n P\u00fablica.<\/a><\/p>","protected":false},"excerpt":{"rendered":"<p>Participo o he participado en los siguientes proyectos de investigaci\u00f3n: Capacidad institucional para la Absorci\u00f3n de Fondos Europeos a nivel local: barreras y facilitadores (CAFELocal) Abriendo la caja negra de la gobernanza p\u00fablica mediada por algoritmos. Implicaciones de la Inteligencia Artificial en gobiernos, servicios p\u00fablicos y personas (AI_PUBLICGOV) Programa Interuniversitario en Cultura de la Legalidad [&hellip;]<\/p>\n","protected":false},"author":2,"featured_media":0,"parent":0,"menu_order":0,"comment_status":"closed","ping_status":"closed","template":"","meta":{"footnotes":""},"class_list":["post-513","page","type-page","status-publish","hentry"],"_links":{"self":[{"href":"https:\/\/julianvillodre.com\/en\/wp-json\/wp\/v2\/pages\/513","targetHints":{"allow":["GET"]}}],"collection":[{"href":"https:\/\/julianvillodre.com\/en\/wp-json\/wp\/v2\/pages"}],"about":[{"href":"https:\/\/julianvillodre.com\/en\/wp-json\/wp\/v2\/types\/page"}],"author":[{"embeddable":true,"href":"https:\/\/julianvillodre.com\/en\/wp-json\/wp\/v2\/users\/2"}],"replies":[{"embeddable":true,"href":"https:\/\/julianvillodre.com\/en\/wp-json\/wp\/v2\/comments?post=513"}],"version-history":[{"count":7,"href":"https:\/\/julianvillodre.com\/en\/wp-json\/wp\/v2\/pages\/513\/revisions"}],"predecessor-version":[{"id":1067,"href":"https:\/\/julianvillodre.com\/en\/wp-json\/wp\/v2\/pages\/513\/revisions\/1067"}],"wp:attachment":[{"href":"https:\/\/julianvillodre.com\/en\/wp-json\/wp\/v2\/media?parent=513"}],"curies":[{"name":"wp","href":"https:\/\/api.w.org\/{rel}","templated":true}]}}