{"id":73,"date":"2019-08-09T23:03:59","date_gmt":"2019-08-09T23:03:59","guid":{"rendered":"http:\/\/julianvillodre.home.blog\/?page_id=73"},"modified":"2026-04-04T09:39:53","modified_gmt":"2026-04-04T08:39:53","slug":"publicaciones","status":"publish","type":"page","link":"https:\/\/julianvillodre.com\/en\/publicaciones\/","title":{"rendered":"Publications"},"content":{"rendered":"<h4 class=\"wp-block-heading\" id=\"articulos-en-revistas-cientificas\">Peer-reviewed journal articles<\/h4>\n\n\n\n<p><a href=\"https:\/\/doi.org\/10.1108\/TG-07-2024-0167\">Miranda-Hospinal, O., Villodre, J., Valle-Cruz, D. &amp; Angulo-S\u00e1nchez, K. (2026). Exploring the impact of artificial intelligence on the transparency and rationality of Peruvian public works: perceptions, expectations, challenges and opportunities. <em>Transforming Government: People, Process and Policy, 20<\/em>(1), 124-144.<\/a><\/p>\n\n\n\n<p><a href=\"https:\/\/doi.org\/10.1177\/00208523241261896\" target=\"_blank\" rel=\"noreferrer noopener\">Villodre, J. (2025). A three-model approach to understand social media-mediated transparency in public administrations. <em>International Review of Administrative Sciences, 91<\/em>(1), 129-148.<\/a><\/p>\n\n\n\n<p><a href=\"https:\/\/doi.org\/10.1016\/j.giq.2021.101643\" target=\"_blank\" rel=\"noreferrer noopener\">Criado, J. I. &amp; Villodre, J. (2022). Revisiting social media institutionalization in government. An empirical analysis of barriers. <\/a><em><a href=\"https:\/\/doi.org\/10.1016\/j.giq.2021.101643\" target=\"_blank\" rel=\"noreferrer noopener\">Government Information Quarterly<\/a>, 39<\/em>(2).<\/p>\n\n\n\n<p><a href=\"http:\/\/dx.doi.org\/10.3233\/IP-210316\" target=\"_blank\" rel=\"noreferrer noopener\">Villodre, J., Criado, J. I., Meijer, A. &amp; Liarte, I. (2021). Organizational models for social media institutionalization: An exploratory analysis of Dutch local governments. <em>Information Polity, 26<\/em>(4), 355-373.<\/a><\/p>\n\n\n\n<p><a rel=\"noreferrer noopener\" href=\"https:\/\/doi.org\/10.24965\/gapp.i26.10845\" target=\"_blank\">Villodre, J. &amp; Criado, J. I. (2021). Colaboraci\u00f3n entre administraciones p\u00fablicas y ciudadan\u00eda en Twitter durante la crisis del Covid-19 en Espa\u00f1a. <em>Gesti\u00f3n Y An\u00e1lisis De Pol\u00edticas P\u00fablicas<\/em>, 26, 81-91.<\/a><\/p>\n\n\n\n<p><a rel=\"noreferrer noopener\" href=\"https:\/\/doi.org\/10.18042\/cepc\/rep.192.07\" target=\"_blank\">Villodre, J., Reynaers, A. M. &amp; Criado, J. I. (2021). Transparencia externa y redes sociales. Los roles diferenciales de ministerios y organismos p\u00fablicos estatales en Twitter. <em>Revista de Estudios Pol\u00edticos<\/em>, 192, 191-220.<\/a><\/p>\n\n\n\n<p><a href=\"https:\/\/doi.org\/10.1080\/03003930.2020.1729750\" target=\"_blank\" rel=\"noreferrer noopener\">Criado, J. I. &amp; Villodre, J. (2021). Delivering public services through social media in European local governments. An interpretative framework using semantic algorithms. <em>Local Government Studies,47<\/em>(2), 253-275.<\/a><\/p>\n\n\n\n<p><a href=\"https:\/\/doi.org\/10.3233\/IP-200260\" target=\"_blank\" rel=\"noreferrer noopener\">Criado, J. I., Valero, J. &amp; Villodre, J. (2020). Algorithmic transparency and bureaucratic discretion: The case of SALER early warning system. <em>Information Polity, 25<\/em>(4), 449-470.<\/a><\/p>\n\n\n\n<p><a href=\"https:\/\/doi.org\/10.20318\/eunomia.2020.5718\" target=\"_blank\" rel=\"noreferrer noopener\">Villodre, J. (2020). Redes sociales (en las administraciones p\u00fablicas). <em>Eunom\u00eda. Revista en Cultura de la Legalidad<\/em>, 19, 375-390.<\/a><\/p>\n\n\n\n<p><a href=\"https:\/\/doi.org\/10.1145\/3416089\" target=\"_blank\" rel=\"noreferrer noopener\">Criado, J. I., Guevara-G\u00f3mez, A. &amp; Villodre, J. (2020). Using Collaborative Technologies and Social Media to Engage Citizens and Governments during the COVID-19 Crisis. The Case of Spain. <em>Digital Government: Research and Practice, 1<\/em>(4).<\/a><\/p>\n\n\n\n<p><a href=\"https:\/\/doi.org\/10.1016\/j.giq.2020.101521\" target=\"_blank\" rel=\"noreferrer noopener\">Villodre, J. &amp; Criado, J. I. (2020). User roles for emergency management in social media: Understanding actors&#8217; behavior during the 2018 Majorca Island flash floods. <em>Government Information Quarterly, 37<\/em>(4).<\/a><\/p>\n\n\n\n<p><a href=\"https:\/\/doi.org\/10.20318\/eunomia.2019.5036\" target=\"_blank\" rel=\"noreferrer noopener\">Villodre, J. (2019). Innovaci\u00f3n P\u00fablica Abierta. <em>Eunom\u00eda. Revista en Cultura de la Legalidad<\/em>, 17, 314-327.<\/a><\/p>\n\n\n\n<p><a href=\"https:\/\/doi.org\/10.3145\/epi.2018.may.14\" target=\"_blank\" rel=\"noreferrer noopener\">Criado, J. I. &amp; Villodre, J. (2018). Comunicando datos masivos del sector p\u00fablico local en redes sociales. An\u00e1lisis de sentimiento en Twitter.\u00a0<em>Profesional de la Informaci\u00f3n, 27<\/em>(3), 614-623.<\/a><\/p>\n\n\n\n<p><a href=\"https:\/\/doi.org\/10.5210\/fm.v23i4.8348\" target=\"_blank\" rel=\"noreferrer noopener\">Criado, J. I. &amp; Villodre, J. (2018). Public employees in social media communities: Exploring factors for internal collaboration using social network analysis.\u00a0<em>First Monday, 23<\/em>(4).<\/a><\/p>\n\n\n\n<p><a rel=\"noreferrer noopener\" href=\"https:\/\/doi.org\/10.51302\/tce.2018.225\" target=\"_blank\">Criado, J. I., Pastor, V. &amp; Villodre, J. (2018). Internet y discapacidad. Un an\u00e1lisis de las oportunidades y de los desaf\u00edos de las redes sociales digitales en el \u00e1mbito de la discapacidad. <em>Tecnolog\u00eda, Ciencia y Educaci\u00f3n<\/em>, 11 (septiembre-diciembre), 99-117.<\/a><\/p>\n\n\n\n<h4 class=\"wp-block-heading\"><strong>Books<\/strong><\/h4>\n\n\n\n<p><a href=\"https:\/\/www.publicacionesinap.es\/products\/la-adopcion-de-la-inteligencia-artificial-en-las-administraciones-publicas-ebook\" target=\"_blank\" rel=\"noreferrer noopener\">Criado, J. I., Villodre, J. y Rodr\u00edguez Bol\u00edvar, M. P. (2026). <em>La adopci\u00f3n de la inteligencia artificial en las Administraciones p\u00fablicas. Oportunidades y retos para una gobernanza algor\u00edtmica<\/em>. Madrid: Instituto Nacional de Administraci\u00f3n P\u00fablica.<\/a><\/p>\n\n\n\n<h4 class=\"wp-block-heading\" id=\"capitulos-de-libro\">Book chapters<\/h4>\n\n\n\n<p><a href=\"https:\/\/www.publicacionesinap.es\/products\/la-adopcion-de-la-inteligencia-artificial-en-las-administraciones-publicas-ebook\" target=\"_blank\" rel=\"noreferrer noopener\">Villodre, J., Criado, J. I. y Rodr\u00edguez Bol\u00edvar, M. P. (2026). \u00ab\u00bfHacia una gobernanza de la inteligencia artificial que integre perspectivas macro,<br>meso y micro de la Administraci\u00f3n p\u00fablica?\u00bb En Criado, J. I., Villodre, J. y Rodr\u00edguez Bol\u00edvar, M. P. (2026). <em>La adopci\u00f3n de la inteligencia artificial en las Administraciones p\u00fablicas. Oportunidades y retos para una gobernanza algor\u00edtmica<\/em>. Madrid: Instituto Nacional de Administraci\u00f3n P\u00fablica.<\/a><\/p>\n\n\n\n<p><a href=\"https:\/\/doi.org\/10.4337\/9781035301348.00014\" data-type=\"link\" data-id=\"https:\/\/doi.org\/10.4337\/9781035301348.00014\">Villodre, J. (2025). \u00abImplementing social media monitoring in the public sector: a four-model approach\u00bb. In Giest, S., Klievink, B., Ingrams, A. &amp; Young, M. (eds.) (2025). <em>Handbook on Governance and Data Science<\/em>. Edward Elgar.<\/a><\/p>\n\n\n\n<p><a rel=\"noreferrer noopener\" href=\"https:\/\/doi.org\/10.1007\/978-3-030-03008-7_46-1\" target=\"_blank\">Criado, J. I., Herranz, C. &amp; Villodre, J. (2019). \u00abInformal Virtual Learning in the Public Sector: Educating Public Servants in Digital Social Innovation Environments\u00bb. In Sullivan H., Dickinson H. &amp; Henderson H. (eds.) (2019). <em>The Palgrave Handbook of the Public Servant<\/em>. Palgrave Macmillan, Cham.<\/a><\/p>\n\n\n\n<p><a rel=\"noreferrer noopener\" href=\"https:\/\/doi.org\/10.1007\/978-3-319-73386-9_1\" target=\"_blank\">Criado, J. I., Pastor, V. &amp; Villodre, J. (2018). \u201cMeasuring Social Media Diffusion in Local Governments from a Longitudinal Perspective: Adoption, Barriers, and Perceptions\u201d. In Sobaci, M. H. y Hatipoglu, I. (eds.) (2018). <em>Sub-National Democracy and Politics Through Social Media<\/em>. New York: Springer, 3-27.<\/a><\/p>\n\n\n\n<p><a href=\"https:\/\/www.publicacionesinap.es\/products\/nuevas-tendencias-en-la-gestion-publica-ebook?_pos=7&amp;_sid=9b21392b1&amp;_ss=r\" target=\"_blank\" rel=\"noreferrer noopener\">Criado, J. I. &amp; Villodre, J. (2016). \u201cCrowdsourcing y plataformas colaborativas en las administraciones p\u00fablicas. \u00bfHacia un WikiGovernment?\u201d. In Criado, J. I. (ed.) (2016). <em>Nuevas tendencias en la gesti\u00f3n p\u00fablica. Innovaci\u00f3n abierta, gobernanza inteligente y tecnolog\u00edas sociales en unas administraciones p\u00fablicas colaborativas<\/em>. Madrid: Instituto Nacional de Administraci\u00f3n P\u00fablica, 95-119.<\/a><\/p>\n\n\n\n<h4 class=\"wp-block-heading\">Book reviews<\/h4>\n\n\n\n<p><a href=\"https:\/\/revistatransparencia.com\/ojs\/index.php\/ret\/article\/view\/213\" data-type=\"URL\" data-id=\"https:\/\/revistatransparencia.com\/ojs\/index.php\/ret\/article\/view\/213\" target=\"_blank\" rel=\"noreferrer noopener\">Villodre, J. (2022). Libro: La implementaci\u00f3n y los efectos de la normativa de transparencia en los Gobiernos locales de mayor poblaci\u00f3n (2021). Jaume Magre, Lluis Medir, Esther Pano, Joan Josep Vallb\u00e9 y Jos\u00e9 Luis Mart\u00ednez-Alonso. <em>Revista Espa\u00f1ola de la Transparencia<\/em>, 14, 255-259.<\/a><\/p>\n\n\n\n<h4 class=\"wp-block-heading\" id=\"informes-tecnicos-y-otros-documentos\">Reports\/policy briefs<\/h4>\n\n\n\n<p><a href=\"https:\/\/cergo.enap.ca\/cergo\/docs\/Dubois-Mabillard-Villodre-Zumofen_2025.pdf\" target=\"_blank\" rel=\"noreferrer noopener\">Dubois, P., Mabillard, V., Villodre, J. &amp; Zumofen, R. (2025). Perceptions et attentes citoyennes face \u00e0 la communication municipale sur les m\u00e9dias sociaux: le cas du Qu\u00e9bec. Qu\u00e9bec : Centre de recherche sur la gouvernance, \u00c9cole Nationale d\u2019Administration Publique.<\/a><\/p>\n\n\n\n<p><a rel=\"noreferrer noopener\" href=\"https:\/\/novagob.org\/wp-content\/uploads\/2018\/12\/NovaGob_Academia_3.pdf\" target=\"_blank\">Criado, J. I., Pastor, V. &amp; Villodre, J. (2018). Big data y administraciones p\u00fablicas en redes sociales. Un estudio sobre las comunidades digitales de los ayuntamientos espa\u00f1oles. <em>Colecci\u00f3n NovaGob Academia<\/em>.<\/a><\/p>\n\n\n\n<p><a rel=\"noreferrer noopener\" href=\"https:\/\/novagob.org\/wp-content\/uploads\/2017\/05\/Novagob_Academia_2_RRSS_Aytos_vFinal_20170516-ilovepdf-compressed.pdf\" target=\"_blank\">Criado, J. I., Pastor, V. &amp; Villodre, J. (2017). Redes sociales digitales en los ayuntamientos espa\u00f1oles. <em>Colecci\u00f3n NovaGob Academia<\/em>.<\/a><\/p>\n\n\n\n<h4 class=\"wp-block-heading\" id=\"articulos-en-prensa\">Press articles (divulgation)<\/h4>\n\n\n\n<p><a href=\"https:\/\/compolitica.com\/wp-content\/uploads\/2021\/12\/N66_Eta2_La_revista_de_ACOP_Diciembre2021.pdf\" target=\"_blank\" rel=\"noreferrer noopener\">Villodre, J. (2021). Hacia el derecho a entender: diagn\u00f3stico del problema. <em>La revista de ACOP, segunda etapa<\/em>, 66 (diciembre de 2021).<\/a><\/p>\n\n\n\n<p><a rel=\"noreferrer noopener\" href=\"https:\/\/theconversation.com\/colaboracion-en-red-para-salvar-vidas-infocoronavirus-y-yomequedoencasa-134462\" target=\"_blank\">Villodre, J. &amp; Criado, J. I. (1 de abril de 2020). Colaboraci\u00f3n en red para salvar vidas: #INFOCoronavirus y&nbsp;#YoMeQuedoEnCasa. <em>The Conversation<\/em>.<\/a><\/p>\n\n\n\n<p><a rel=\"noreferrer noopener\" href=\"https:\/\/theconversation.com\/twitter-un-espacio-de-colaboracion-entre-administraciones-publicas-y-ciudadania-133306\" target=\"_blank\">Criado, J. I.  &amp; Villodre, J. (19 de marzo de 2020). Twitter, un espacio de colaboraci\u00f3n entre administraciones p\u00fablicas y ciudadan\u00eda. <em>The Conversation<\/em>.<\/a><\/p>\n\n\n\n<p><a href=\"https:\/\/agendapublica.elpais.com\/noticia\/13931\/debate-politico-espanol-camara-eco-twitter\" target=\"_blank\" rel=\"noreferrer noopener\">Villodre, J. (6 de noviembre de 2019). El debate pol\u00edtico espa\u00f1ol en la \u00abc\u00e1mara de eco\u00bb de Twitter. <em>Agenda P\u00fablica<\/em>.<\/a><\/p>\n\n\n\n<p><a rel=\"noreferrer noopener\" href=\"https:\/\/theconversation.com\/asi-tuitean-las-instituciones-publicas-ante-emergencias-como-los-incendios-de-gran-canaria-122167\" target=\"_blank\">Criado, J. I. &amp; Villodre, J. (28 de agosto de 2019). As\u00ed tuitean las instituciones p\u00fablicas ante emergencias como los incendios de Gran&nbsp;Canaria. <em>The Conversation<\/em>.<\/a><\/p>","protected":false},"excerpt":{"rendered":"<p>Art\u00edculos en revistas cient\u00edficas Miranda-Hospinal, O., Villodre, J., Valle-Cruz, D. &amp; Angulo-S\u00e1nchez, K. (2026). Exploring the impact of artificial intelligence on the transparency and rationality of Peruvian public works: perceptions, expectations, challenges and opportunities. Transforming Government: People, Process and Policy, 20(1), 124-144. Villodre, J. (2025). A three-model approach to understand social media-mediated transparency in public [&hellip;]<\/p>\n","protected":false},"author":2,"featured_media":770,"parent":0,"menu_order":0,"comment_status":"closed","ping_status":"closed","template":"","meta":{"footnotes":""},"class_list":["post-73","page","type-page","status-publish","has-post-thumbnail","hentry"],"_links":{"self":[{"href":"https:\/\/julianvillodre.com\/en\/wp-json\/wp\/v2\/pages\/73","targetHints":{"allow":["GET"]}}],"collection":[{"href":"https:\/\/julianvillodre.com\/en\/wp-json\/wp\/v2\/pages"}],"about":[{"href":"https:\/\/julianvillodre.com\/en\/wp-json\/wp\/v2\/types\/page"}],"author":[{"embeddable":true,"href":"https:\/\/julianvillodre.com\/en\/wp-json\/wp\/v2\/users\/2"}],"replies":[{"embeddable":true,"href":"https:\/\/julianvillodre.com\/en\/wp-json\/wp\/v2\/comments?post=73"}],"version-history":[{"count":35,"href":"https:\/\/julianvillodre.com\/en\/wp-json\/wp\/v2\/pages\/73\/revisions"}],"predecessor-version":[{"id":1084,"href":"https:\/\/julianvillodre.com\/en\/wp-json\/wp\/v2\/pages\/73\/revisions\/1084"}],"wp:featuredmedia":[{"embeddable":true,"href":"https:\/\/julianvillodre.com\/en\/wp-json\/wp\/v2\/media\/770"}],"wp:attachment":[{"href":"https:\/\/julianvillodre.com\/en\/wp-json\/wp\/v2\/media?parent=73"}],"curies":[{"name":"wp","href":"https:\/\/api.w.org\/{rel}","templated":true}]}}